{"id":15,"date":"2026-02-05T22:02:21","date_gmt":"2026-02-05T21:02:21","guid":{"rendered":"https:\/\/iskrarozwoju.pl\/?page_id=15"},"modified":"2026-02-05T23:39:01","modified_gmt":"2026-02-05T22:39:01","slug":"strona-domowa","status":"publish","type":"page","link":"https:\/\/iskrarozwoju.pl\/","title":{"rendered":"Strona domowa"},"content":{"rendered":"\n<p><\/p>\n\n\n\n<p><\/p>\n\n\n\n<div class=\"wp-block-columns is-layout-flex wp-container-core-columns-is-layout-28f84493 wp-block-columns-is-layout-flex\">\n<div class=\"wp-block-column is-layout-flow wp-block-column-is-layout-flow\" style=\"flex-basis:100%\">\n<figure class=\"wp-block-image aligncenter size-large\"><img loading=\"lazy\" decoding=\"async\" width=\"1536\" height=\"864\" src=\"https:\/\/iskrarozwoju.pl\/wp-content\/uploads\/2026\/02\/ChatGPT-Image-5-lut-2026-21_53_20-edited.png\" alt=\"\" class=\"wp-image-115\" srcset=\"https:\/\/iskrarozwoju.pl\/wp-content\/uploads\/2026\/02\/ChatGPT-Image-5-lut-2026-21_53_20-edited.png 1536w, https:\/\/iskrarozwoju.pl\/wp-content\/uploads\/2026\/02\/ChatGPT-Image-5-lut-2026-21_53_20-edited-300x169.png 300w, https:\/\/iskrarozwoju.pl\/wp-content\/uploads\/2026\/02\/ChatGPT-Image-5-lut-2026-21_53_20-edited-1024x576.png 1024w, https:\/\/iskrarozwoju.pl\/wp-content\/uploads\/2026\/02\/ChatGPT-Image-5-lut-2026-21_53_20-edited-768x432.png 768w\" sizes=\"auto, (max-width: 1536px) 100vw, 1536px\" \/><\/figure>\n<\/div>\n<\/div>\n\n\n\n<h1 class=\"wp-block-heading has-text-align-center has-ast-global-color-8-color has-text-color\" style=\"font-size:31px\">Wspieramy rozw\u00f3j, relacje i samodzielno\u015b\u0107<\/h1>\n\n\n\n<p class=\"has-text-align-center has-white-color has-text-color has-ast-global-color-8-color\" style=\"padding-top:0;padding-right:0;padding-bottom:0;padding-left:0;font-size:21px\">Prowadzimy kompleksowy program wsparcia dla m\u0142odzie\u017cy i doros\u0142ych w spektrum autyzmu \u267e\ufe0f oraz os\u00f3b z wielorakimi niepe\u0142nosprawno\u015bciami. <\/p>\n\n\n\n<p class=\"has-text-align-center has-white-color has-text-color has-ast-global-color-8-color\" style=\"padding-top:0;padding-right:0;padding-bottom:0;padding-left:0;font-size:21px\">Tworzymy bezpieczn\u0105, empatyczn\u0105 przestrze\u0144 sprzyjaj\u0105c\u0105 rozwijaniu kompetencji spo\u0142ecznych, komunikacyjnych i emocjonalnych.<\/p>\n\n\n\n<p><\/p>\n\n\n\n<div id=\"services\" class=\"wp-block-group is-layout-constrained wp-container-core-group-is-layout-45b0ac4f wp-block-group-is-layout-constrained\" style=\"padding-top:144px;padding-bottom:0px\">\n<h2 class=\"wp-block-heading has-text-align-center has-x-large-font-size\">Oferta<\/h2>\n\n\n\n<figure class=\"wp-block-image aligncenter size-large\"><img loading=\"lazy\" decoding=\"async\" width=\"1024\" height=\"408\" src=\"https:\/\/iskrarozwoju.pl\/wp-content\/uploads\/2026\/02\/grafika-na-strone-oferta-1024x408.png\" alt=\"\" class=\"wp-image-47\" srcset=\"https:\/\/iskrarozwoju.pl\/wp-content\/uploads\/2026\/02\/grafika-na-strone-oferta-1024x408.png 1024w, https:\/\/iskrarozwoju.pl\/wp-content\/uploads\/2026\/02\/grafika-na-strone-oferta-300x120.png 300w, https:\/\/iskrarozwoju.pl\/wp-content\/uploads\/2026\/02\/grafika-na-strone-oferta-768x306.png 768w, https:\/\/iskrarozwoju.pl\/wp-content\/uploads\/2026\/02\/grafika-na-strone-oferta.png 1536w\" sizes=\"auto, (max-width: 1024px) 100vw, 1024px\" \/><\/figure>\n\n\n\n<div class=\"wp-block-columns is-layout-flex wp-container-core-columns-is-layout-60cbf9bb wp-block-columns-is-layout-flex\" style=\"margin-top:50px\">\n<div class=\"wp-block-column has-ast-global-color-8-color has-text-color has-link-color wp-elements-511d41eec6daae042f79001c879bcfa6 is-layout-flow wp-container-core-column-is-layout-6b73ce23 wp-block-column-is-layout-flow\">\n<h3 class=\"wp-block-heading has-text-align-center\" style=\"margin-top:16px\"><strong>Trening Umiej\u0119tno\u015bci Spo\u0142ecznych (TUS)<\/strong><\/h3>\n\n\n\n<p class=\"has-text-align-left\">Prowadzimy Trening Umiej\u0119tno\u015bci Spo\u0142ecznych dla m\u0142odzie\u017cy i doros\u0142ych w spektrum autyzmu \u267e\ufe0f oraz os\u00f3b z wielorakimi niepe\u0142nosprawno\u015bciami.<\/p>\n\n\n\n<p class=\"has-text-align-left\">Zaj\u0119cia wzbogacamy o zaj\u0119cia komputerowe, muzykoterapi\u0119 oraz trening funkcjonowania w codziennych sytuacjach na przyk\u0142ad trening samodzielnego korzystania z komunikacji miejskiej.<\/p>\n\n\n\n<p class=\"has-text-align-left\">Zaj\u0119cia wspieraj\u0105 rozw\u00f3j relacji, samodzielno\u015bci i kompetencji spo\u0142ecznych.<\/p>\n<\/div>\n\n\n\n<div class=\"wp-block-column has-ast-global-color-8-color has-text-color has-link-color wp-elements-7ffe10252d93c168547fb8e130f483b9 is-layout-flow wp-container-core-column-is-layout-6b73ce23 wp-block-column-is-layout-flow\">\n<h3 class=\"wp-block-heading has-text-align-center\" style=\"margin-top:16px\"><strong>Wsparcie komunikacyjne (AAC)<\/strong><\/h3>\n\n\n\n<p>Zapewniamy indywidualne wsparcie w obszarze komunikacji alternatywnej i wspomaganej.<\/p>\n\n\n\n<p>Wdra\u017camy narz\u0119dzia AAC, w tym ksi\u0105\u017cki i tablice komunikacyjne, dobierane do mo\u017cliwo\u015bci oraz potrzeb uczestnik\u00f3w. Wspieramy rozw\u00f3j sprawczo\u015bci komunikacyjnej i niezale\u017cno\u015bci.<\/p>\n<\/div>\n\n\n\n<div class=\"wp-block-column has-ast-global-color-8-color has-text-color has-link-color wp-elements-2f2c9adea4579595d735c84965527f1e is-layout-flow wp-container-core-column-is-layout-6b73ce23 wp-block-column-is-layout-flow\">\n<h3 class=\"wp-block-heading has-text-align-center\" style=\"margin-top:16px\"><strong>Diagnoza i konsultacje<\/strong> <strong>psychologiczne<\/strong><\/h3>\n\n\n\n<p>Oferujemy diagnoz\u0119 ADHD u m\u0142odzie\u017cy i doros\u0142ych, kwalifikacj\u0119 do zaj\u0119\u0107 TUS, aktywizacji zawodowej.<\/p>\n\n\n\n<p>Prowadzimy konsultacje psychologiczne ukierunkowane na rozpoznanie potrzeb rozwojowych, trudno\u015bci w funkcjonowaniu spo\u0142ecznym i emocjonalnym oraz okre\u015blenie mocnych stron uczestnik\u00f3w. Wspieramy w zaplanowaniu dalszej \u015bcie\u017cki terapeutycznej i edukacyjno-zawodowej.<\/p>\n<\/div>\n\n\n\n<div class=\"wp-block-column has-ast-global-color-8-color has-text-color has-link-color wp-elements-592be949fa93e014a8fb15f4e6c71fbd is-layout-flow wp-container-core-column-is-layout-6b73ce23 wp-block-column-is-layout-flow\">\n<h3 class=\"wp-block-heading has-text-align-center\"><strong>Aktywizacja zawodowa<\/strong><\/h3>\n\n\n\n<p>Realizujemy hybrydowe zaj\u0119cia przygotowuj\u0105ce do aktywno\u015bci zawodowej.<\/p>\n\n\n\n<p>Uczestnicy rozwijaj\u0105 kompetencje potrzebne na rynku pracy \u2014 m.in. organizacj\u0119 zada\u0144, wsp\u00f3\u0142prac\u0119, komunikacj\u0119 oraz obs\u0142ug\u0119 narz\u0119dzi komputerowych \u2014 w bezpiecznym, wspieraj\u0105cym \u015brodowisku. Wspieramy tak\u017ce w procesie rekrutacyjnym.<\/p>\n<\/div>\n<\/div>\n<\/div>\n\n\n\n<div class=\"wp-block-group alignwide has-white-background-color has-background is-layout-constrained wp-container-core-group-is-layout-94d206d0 wp-block-group-is-layout-constrained\" id=\"about\" style=\"padding-top:143px;padding-bottom:144px\">\n<div class=\"wp-block-media-text has-media-on-the-right is-stacked-on-mobile is-vertically-aligned-center\"><div class=\"wp-block-media-text__content\">\n<div class=\"inherit-container-width wp-block-group is-layout-constrained wp-container-core-group-is-layout-47ce07ec wp-block-group-is-layout-constrained\" style=\"padding-right:80px\">\n<h2 class=\"wp-block-heading has-ast-global-color-8-color has-text-color has-link-color wp-elements-867010b9f0460794f01c0187ab139c3e\" style=\"padding-right:40px\">Nasz zesp\u00f3\u0142:<\/h2>\n\n\n\n<p class=\"has-ast-global-color-8-color has-text-color has-link-color wp-elements-69d2f2e372e23c7e9fe25b648f33c645\"><strong>Wiktoria Rejmentowska:<\/strong><br>Psycholog, diagnosta zaburze\u0144 neurorozwojowych (ADHD, spektrum autyzmu), trener pracy oraz trener TUS os\u00f3b w spektrum autyzmu.<br><strong>Jan Niemcewicz:<\/strong><br>Trener pracy, specjalista ds. komunikacji alternatywnej i wspomaganej (AAC), prowadz\u0105cy zaj\u0119cia komputerowe oraz muzykoterapi\u0119.<\/p>\n<\/div>\n<\/div><figure class=\"wp-block-media-text__media\"><img loading=\"lazy\" decoding=\"async\" width=\"1024\" height=\"683\" src=\"https:\/\/iskrarozwoju.pl\/wp-content\/uploads\/2026\/02\/ChatGPT-Image-5-lut-2026-21_35_25-1024x683.png\" alt=\"\" class=\"wp-image-57 size-full\" srcset=\"https:\/\/iskrarozwoju.pl\/wp-content\/uploads\/2026\/02\/ChatGPT-Image-5-lut-2026-21_35_25-1024x683.png 1024w, https:\/\/iskrarozwoju.pl\/wp-content\/uploads\/2026\/02\/ChatGPT-Image-5-lut-2026-21_35_25-300x200.png 300w, https:\/\/iskrarozwoju.pl\/wp-content\/uploads\/2026\/02\/ChatGPT-Image-5-lut-2026-21_35_25-768x512.png 768w, https:\/\/iskrarozwoju.pl\/wp-content\/uploads\/2026\/02\/ChatGPT-Image-5-lut-2026-21_35_25.png 1536w\" sizes=\"auto, (max-width: 1024px) 100vw, 1024px\" \/><\/figure><\/div>\n<\/div>\n\n\n\n<div class=\"wp-block-group alignfull is-layout-constrained wp-container-core-group-is-layout-6a2cfb7b wp-block-group-is-layout-constrained\" id=\"reviews\">\n<figure class=\"wp-block-image aligncenter size-full is-resized\"><img loading=\"lazy\" decoding=\"async\" width=\"1536\" height=\"1024\" src=\"https:\/\/iskrarozwoju.pl\/wp-content\/uploads\/2026\/02\/ChatGPT-Image-5-lut-2026-21_41_51.png\" alt=\"\" class=\"wp-image-58\" style=\"aspect-ratio:1.5000000572204613;width:392px;height:auto\" srcset=\"https:\/\/iskrarozwoju.pl\/wp-content\/uploads\/2026\/02\/ChatGPT-Image-5-lut-2026-21_41_51.png 1536w, https:\/\/iskrarozwoju.pl\/wp-content\/uploads\/2026\/02\/ChatGPT-Image-5-lut-2026-21_41_51-300x200.png 300w, https:\/\/iskrarozwoju.pl\/wp-content\/uploads\/2026\/02\/ChatGPT-Image-5-lut-2026-21_41_51-1024x683.png 1024w, https:\/\/iskrarozwoju.pl\/wp-content\/uploads\/2026\/02\/ChatGPT-Image-5-lut-2026-21_41_51-768x512.png 768w\" sizes=\"auto, (max-width: 1536px) 100vw, 1536px\" \/><\/figure>\n\n\n\n<p class=\"has-text-align-center has-ast-global-color-8-color has-text-color has-link-color wp-elements-a9c95439057b5559e71eca99a832669f\" style=\"font-size:22px;line-height:1.6\">Towarzyszymy w rozwoju \u2014 od pierwszych pr\u00f3b komunikacji, przez trening umiej\u0119tno\u015bci spo\u0142ecznych, a\u017c po aktywno\u015b\u0107 zawodow\u0105. \u0141\u0105czymy wiedz\u0119, do\u015bwiadczenie i uwa\u017cno\u015b\u0107 na indywidualne potrzeby.<\/p>\n<\/div>\n\n\n\n<div class=\"wp-block-group alignwide is-layout-constrained wp-container-core-group-is-layout-3fee123f wp-block-group-is-layout-constrained\" id=\"whyus\" style=\"padding-top:144px;padding-bottom:144px\">\n<h2 class=\"wp-block-heading has-text-align-center has-ast-global-color-8-color has-text-color has-link-color wp-elements-12fbd7ecfbbf0c67fb573f405e0ed194\">Dlaczego my?<\/h2>\n\n\n\n<div class=\"wp-block-columns is-layout-flex wp-container-core-columns-is-layout-29aadeec wp-block-columns-is-layout-flex\" style=\"margin-top:60px\">\n<div class=\"wp-block-column is-layout-flow wp-container-core-column-is-layout-6b73ce23 wp-block-column-is-layout-flow\">\n<figure class=\"wp-block-image size-large wp-duotone-7bdcb5-ffffff-1\"><img decoding=\"async\" src=\"https:\/\/iskrarozwoju.pl\/wp-content\/themes\/astra\/inc\/assets\/images\/starter-content\/passionate.svg\" alt=\"\" class=\"wp-image-162\"\/><\/figure>\n\n\n\n<h3 class=\"wp-block-heading\" style=\"margin-top:16px\">Relacja i zrozumienie<\/h3>\n\n\n\n<p class=\"has-ast-global-color-8-color has-text-color has-link-color wp-elements-70a4566426c2444ee964c0a474ad47ab\">Budujemy prac\u0119 terapeutyczn\u0105 na relacji, zaufaniu i poczuciu bezpiecze\u0144stwa. Uwa\u017cnie s\u0142uchamy, obserwujemy i dostosowujemy wsparcie do indywidualnych potrzeb ka\u017cdej osoby. Wierzymy, \u017ce prawdziwy rozw\u00f3j zaczyna si\u0119 od bycia zauwa\u017conym i zrozumianym.<\/p>\n<\/div>\n\n\n\n<div class=\"wp-block-column is-layout-flow wp-container-core-column-is-layout-6b73ce23 wp-block-column-is-layout-flow\">\n<figure class=\"wp-block-image size-large wp-duotone-7bdcb5-ffffff-2\"><img decoding=\"async\" src=\"https:\/\/iskrarozwoju.pl\/wp-content\/themes\/astra\/inc\/assets\/images\/starter-content\/professional.svg\" alt=\"\" class=\"wp-image-163\"\/><\/figure>\n\n\n\n<h3 class=\"wp-block-heading\" style=\"margin-top:16px\">Profesjonalizm i do\u015bwiadczenie<\/h3>\n\n\n\n<p class=\"has-ast-global-color-8-color has-text-color has-link-color wp-elements-0aad7a1afaf88395202bae0c5af9d6c2\">Pracujemy w oparciu o sprawdzone metody, stale rozwijaj\u0105c kompetencje w obszarze komunikacji AAC, treningu umiej\u0119tno\u015bci spo\u0142ecznych i aktywizacji zawodowej.<\/p>\n<\/div>\n\n\n\n<div class=\"wp-block-column is-layout-flow wp-container-core-column-is-layout-6b73ce23 wp-block-column-is-layout-flow\">\n<figure class=\"wp-block-image size-large wp-duotone-7bdcb5-ffffff-3\"><img decoding=\"async\" src=\"https:\/\/iskrarozwoju.pl\/wp-content\/themes\/astra\/inc\/assets\/images\/starter-content\/support.svg\" alt=\"\" class=\"wp-image-164\"\/><\/figure>\n\n\n\n<h3 class=\"wp-block-heading has-ast-global-color-8-color has-text-color has-link-color wp-elements-9f26c8cef083ab25498cd2c9915dab64\" style=\"margin-top:16px\">Kompleksowe wsparcie<\/h3>\n\n\n\n<p class=\"has-ast-global-color-3-color has-text-color has-link-color wp-elements-cb914d0f477ed3238f5145c8d3045893\">Towarzyszymy w rozwoju na r\u00f3\u017cnych etapach \u017cycia \u2014 od pierwszych pr\u00f3b komunikacji, przez budowanie relacji spo\u0142ecznych, a\u017c po przygotowanie do wi\u0119kszej samodzielno\u015bci i aktywno\u015bci zawodowej.<\/p>\n<\/div>\n<\/div>\n<\/div>\n\n\n\n<div class=\"wp-block-group alignfull has-ast-global-color-8-color has-ast-global-color-4-background-color has-text-color has-background has-link-color wp-elements-0026bd4a0baf84e4dcfd2900c1dee63e is-layout-constrained wp-container-core-group-is-layout-cfcca693 wp-block-group-is-layout-constrained\" id=\"contact\" style=\"padding-top:104px;padding-bottom:104px;background-image:url(&apos;https:\/\/iskrarozwoju.pl\/wp-content\/uploads\/2026\/02\/ChatGPT-Image-5-lut-2026-21_48_48.png&apos;);background-position:40% 5%;background-size:cover;\">\n<h2 class=\"wp-block-heading has-text-align-center has-ast-global-color-8-color has-text-color\"><strong>Kontakt<\/strong><\/h2>\n\n\n\n<div class=\"wp-block-group is-nowrap is-layout-flex wp-container-core-group-is-layout-6c531013 wp-block-group-is-layout-flex\">\n<p class=\"has-text-align-center has-medium-font-size\"><strong>tel.<\/strong> 572&nbsp;214&nbsp;512, <strong>email: <\/strong><a href=\"mailto:iskrarozwoju@protonmail.com\" target=\"_blank\" rel=\"noreferrer noopener\">iskrarozwoju@protonmail.com<\/a><\/p>\n<\/div>\n<\/div>\n\n\n\n<p class=\"has-ast-global-color-3-color has-text-color has-link-color wp-elements-dd7b6e6623480e52307c636a59d07286\"><\/p>\n\n\n\n<p class=\"has-ast-global-color-3-color has-text-color has-link-color wp-elements-dd7b6e6623480e52307c636a59d07286\"><\/p>\n","protected":false},"excerpt":{"rendered":"<p>Wspieramy rozw\u00f3j, relacje i samodzielno\u015b\u0107 Prowadzimy kompleksowy program wsparcia dla m\u0142odzie\u017cy i doros\u0142ych w spektrum autyzmu \u267e\ufe0f oraz os\u00f3b z [&hellip;]<\/p>\n","protected":false},"author":1,"featured_media":0,"parent":0,"menu_order":0,"comment_status":"closed","ping_status":"closed","template":"","meta":{"site-sidebar-layout":"no-sidebar","site-content-layout":"plain-container","ast-site-content-layout":"default","site-content-style":"default","site-sidebar-style":"default","ast-global-header-display":"","ast-banner-title-visibility":"","ast-main-header-display":"disabled","ast-hfb-above-header-display":"","ast-hfb-below-header-display":"","ast-hfb-mobile-header-display":"disabled","site-post-title":"disabled","ast-breadcrumbs-content":"","ast-featured-img":"","footer-sml-layout":"","ast-disable-related-posts":"","theme-transparent-header-meta":"enabled","adv-header-id-meta":"","stick-header-meta":"","header-above-stick-meta":"","header-main-stick-meta":"","header-below-stick-meta":"","astra-migrate-meta-layouts":"default","ast-page-background-enabled":"default","ast-page-background-meta":{"desktop":{"background-color":"var(--ast-global-color-5)","background-image":"","background-repeat":"repeat","background-position":"center center","background-size":"auto","background-attachment":"scroll","background-type":"","background-media":"","overlay-type":"","overlay-color":"","overlay-opacity":"","overlay-gradient":""},"tablet":{"background-color":"","background-image":"","background-repeat":"repeat","background-position":"center center","background-size":"auto","background-attachment":"scroll","background-type":"","background-media":"","overlay-type":"","overlay-color":"","overlay-opacity":"","overlay-gradient":""},"mobile":{"background-color":"","background-image":"","background-repeat":"repeat","background-position":"center center","background-size":"auto","background-attachment":"scroll","background-type":"","background-media":"","overlay-type":"","overlay-color":"","overlay-opacity":"","overlay-gradient":""}},"ast-content-background-meta":{"desktop":{"background-color":"var(--ast-global-color-4)","background-image":"","background-repeat":"repeat","background-position":"center center","background-size":"auto","background-attachment":"scroll","background-type":"","background-media":"","overlay-type":"","overlay-color":"","overlay-opacity":"","overlay-gradient":""},"tablet":{"background-color":"var(--ast-global-color-4)","background-image":"","background-repeat":"repeat","background-position":"center center","background-size":"auto","background-attachment":"scroll","background-type":"","background-media":"","overlay-type":"","overlay-color":"","overlay-opacity":"","overlay-gradient":""},"mobile":{"background-color":"var(--ast-global-color-4)","background-image":"","background-repeat":"repeat","background-position":"center center","background-size":"auto","background-attachment":"scroll","background-type":"","background-media":"","overlay-type":"","overlay-color":"","overlay-opacity":"","overlay-gradient":""}},"footnotes":""},"class_list":["post-15","page","type-page","status-publish","hentry"],"_links":{"self":[{"href":"https:\/\/iskrarozwoju.pl\/index.php?rest_route=\/wp\/v2\/pages\/15","targetHints":{"allow":["GET"]}}],"collection":[{"href":"https:\/\/iskrarozwoju.pl\/index.php?rest_route=\/wp\/v2\/pages"}],"about":[{"href":"https:\/\/iskrarozwoju.pl\/index.php?rest_route=\/wp\/v2\/types\/page"}],"author":[{"embeddable":true,"href":"https:\/\/iskrarozwoju.pl\/index.php?rest_route=\/wp\/v2\/users\/1"}],"replies":[{"embeddable":true,"href":"https:\/\/iskrarozwoju.pl\/index.php?rest_route=%2Fwp%2Fv2%2Fcomments&post=15"}],"version-history":[{"count":49,"href":"https:\/\/iskrarozwoju.pl\/index.php?rest_route=\/wp\/v2\/pages\/15\/revisions"}],"predecessor-version":[{"id":124,"href":"https:\/\/iskrarozwoju.pl\/index.php?rest_route=\/wp\/v2\/pages\/15\/revisions\/124"}],"wp:attachment":[{"href":"https:\/\/iskrarozwoju.pl\/index.php?rest_route=%2Fwp%2Fv2%2Fmedia&parent=15"}],"curies":[{"name":"wp","href":"https:\/\/api.w.org\/{rel}","templated":true}]}}